{"id":2872,"date":"2024-11-21T19:55:39","date_gmt":"2024-11-21T19:55:39","guid":{"rendered":"https:\/\/mavoreahsapevleri.com\/?page_id=2872"},"modified":"2024-11-21T19:55:39","modified_gmt":"2024-11-21T19:55:39","slug":"teslimat-bilgileri","status":"publish","type":"page","link":"https:\/\/mavoreahsapevleri.com\/en\/teslimat-bilgileri\/","title":{"rendered":"Delivery Information"},"content":{"rendered":"<h1 class=\"wp-block-heading\">Mavore Ah\u015fap Evleri Teslimat Bilgileri<\/h1><h2 class=\"wp-block-heading\">\u00d6deme ve Teslimat<\/h2><h3 class=\"wp-block-heading\">1. Kargo ve Sevkiyat G\u00fcvencesi<\/h3><p>T\u00fcm sipari\u015fleriniz g\u00fcvenli ve gizli paketlerdedir. Ta\u015f\u0131ma yapan kurye veya kargo firmas\u0131 \u00fcr\u00fcn i\u00e7eri\u011fini bilmektedir. \u00dcr\u00fcnlerinizin kutusu \u00fczerinde gerekli bilgiler yazmaktad\u0131r.<\/p><h3 class=\"wp-block-heading\">2. Sevkiyat<\/h3><p>H\u0131zl\u0131 g\u00f6nderi olarak belirtilen \u00fcr\u00fcnler d\u0131\u015f\u0131nda, sipari\u015finiz \u00e7al\u0131\u015fma saatleri d\u0131\u015f\u0131nda gelirse, sipari\u015fi takip eden ilk 3 (\u00fc\u00e7) \u00e7al\u0131\u015fma g\u00fcn\u00fcnde y\u00fcklenir. \u00dcr\u00fcnlerin taraf\u0131n\u0131za kargolanabilmesi i\u00e7in gerekli \u00f6deme i\u015flemlerinin taraf\u0131n\u0131zca tamamlanm\u0131\u015f olmas\u0131 gerekmektedir.<\/p><h3 class=\"wp-block-heading\">3. Gizlilik<\/h3><p>\u00dcr\u00fcnlerinizi teslim ald\u0131\u011f\u0131n\u0131z\u0131 takip etmemiz i\u00e7in teslimat s\u0131ras\u0131nda sadece imzan\u0131z gerekmektedir. E\u011fer kargo geldi\u011finde adreste yoksan\u0131z, kargonuzu alman\u0131z gereken yerin adresi kap\u0131n\u0131za not olarak b\u0131rak\u0131lacakt\u0131r. Kargonuzu alamaman\u0131z durumunda, sipari\u015finiz yakla\u015f\u0131k 1 (bir) hafta sonras\u0131nda tekrar taraf\u0131m\u0131za geri kargolanacakt\u0131r.<\/p><h3 class=\"wp-block-heading\">4. Teslimat ve \u00dccretlendirme<\/h3><p>\u00dcr\u00fcnlerinizi sipari\u015f etti\u011finizde, sistem taraf\u0131ndan otomatik olarak ald\u0131\u011f\u0131n\u0131z \u00fcr\u00fcn\u00fcn ve bulundu\u011funuz b\u00f6lgenin etkisine ba\u011fl\u0131 olarak al\u0131\u015fveri\u015f s\u0131ras\u0131nda sizlere kargo \u00fccreti bilgisi g\u00f6sterilecektir. Kargo \u00fccreti, sizden tahsil edilip firmam\u0131z\u0131n anla\u015fmal\u0131 kargo firmas\u0131 arac\u0131l\u0131\u011f\u0131yla size ula\u015ft\u0131r\u0131lacakt\u0131r.<\/p><p>Belirli d\u00f6nem ve kampanyalara g\u00f6re \u00fccretsiz kargo hizmeti taraf\u0131m\u0131zca sunulabilmektedir. Bu uygulama yaln\u0131zca T\u00fcrkiye i\u00e7ine ge\u00e7erlidir. T\u00fcrkiye d\u0131\u015f\u0131na ve KKTC&#8217;ye yap\u0131lan g\u00f6nderilerde, yurtd\u0131\u015f\u0131 \u00fccretlendirme tarifesi uygulan\u0131r. Bu konuda m\u00fc\u015fteriyle ileti\u015fim kurularak bilgi verilecektir.<\/p>","protected":false},"excerpt":{"rendered":"<p>Mavore Ah\u015fap Evleri Teslimat Bilgileri \u00d6deme ve Teslimat 1. Kargo ve Sevkiyat G\u00fcvencesi T\u00fcm sipari\u015fleriniz g\u00fcvenli ve gizli paketlerdedir. Ta\u015f\u0131ma yapan kurye veya kargo firmas\u0131 \u00fcr\u00fcn i\u00e7eri\u011fini bilmektedir. \u00dcr\u00fcnlerinizin kutusu \u00fczerinde gerekli bilgiler yazmaktad\u0131r. 2. Sevkiyat H\u0131zl\u0131 g\u00f6nderi olarak belirtilen \u00fcr\u00fcnler d\u0131\u015f\u0131nda, sipari\u015finiz \u00e7al\u0131\u015fma saatleri d\u0131\u015f\u0131nda gelirse, sipari\u015fi takip eden ilk 3 (\u00fc\u00e7) \u00e7al\u0131\u015fma g\u00fcn\u00fcnde [&hellip;]<\/p>","protected":false},"author":1,"featured_media":0,"parent":0,"menu_order":0,"comment_status":"closed","ping_status":"closed","template":"","meta":{"_acf_changed":false,"footnotes":""},"class_list":["post-2872","page","type-page","status-publish","hentry"],"acf":[],"aioseo_notices":[],"_links":{"self":[{"href":"https:\/\/mavoreahsapevleri.com\/en\/wp-json\/wp\/v2\/pages\/2872","targetHints":{"allow":["GET"]}}],"collection":[{"href":"https:\/\/mavoreahsapevleri.com\/en\/wp-json\/wp\/v2\/pages"}],"about":[{"href":"https:\/\/mavoreahsapevleri.com\/en\/wp-json\/wp\/v2\/types\/page"}],"author":[{"embeddable":true,"href":"https:\/\/mavoreahsapevleri.com\/en\/wp-json\/wp\/v2\/users\/1"}],"replies":[{"embeddable":true,"href":"https:\/\/mavoreahsapevleri.com\/en\/wp-json\/wp\/v2\/comments?post=2872"}],"version-history":[{"count":1,"href":"https:\/\/mavoreahsapevleri.com\/en\/wp-json\/wp\/v2\/pages\/2872\/revisions"}],"predecessor-version":[{"id":2873,"href":"https:\/\/mavoreahsapevleri.com\/en\/wp-json\/wp\/v2\/pages\/2872\/revisions\/2873"}],"wp:attachment":[{"href":"https:\/\/mavoreahsapevleri.com\/en\/wp-json\/wp\/v2\/media?parent=2872"}],"curies":[{"name":"wp","href":"https:\/\/api.w.org\/{rel}","templated":true}]}}