{"id":55,"date":"2016-06-13T15:48:45","date_gmt":"2016-06-13T15:48:45","guid":{"rendered":"http:\/\/sw-themes.com\/porto_dummy\/?page_id=55"},"modified":"2024-11-21T19:30:30","modified_gmt":"2024-11-21T19:30:30","slug":"hakkimizda","status":"publish","type":"page","link":"https:\/\/mavoreahsapevleri.com\/en\/hakkimizda\/","title":{"rendered":"About Us"},"content":{"rendered":"<div data-elementor-type=\"wp-page\" data-elementor-id=\"55\" class=\"elementor elementor-55\">\n\t\t\t\t\t\t<section class=\"elementor-section elementor-top-section elementor-element elementor-element-077b287 elementor-section-full_width space-xlg elementor-section-height-default elementor-section-height-default\" data-id=\"077b287\" data-element_type=\"section\">\r\n\t\t\r\n\t\t\t\t\t\t\t<div class=\"elementor-container elementor-column-gap-default\">\r\n\t\t\t\t\t\t\t\t\t\t\t<div class=\"elementor-column elementor-col-100 elementor-top-column elementor-element elementor-element-4ec308b\" data-id=\"4ec308b\" data-element_type=\"column\">\r\n\t\t\t\t\t<div class=\"elementor-widget-wrap elementor-element-populated\">\r\n\t\t\t\t\t\t\t\t<div class=\"elementor-element elementor-element-6f4d2a4 m-t-n-xs mb-5 elementor-widget elementor-widget-heading\" data-id=\"6f4d2a4\" data-element_type=\"widget\" data-widget_type=\"heading.default\">\n\t\t\t\t<div class=\"elementor-widget-container\">\n\t\t\t\t\t<h2 class=\"elementor-heading-title elementor-size-default\">About Us<\/h2>\t\t\t\t<\/div>\n\t\t\t\t<\/div>\n\t\t\t\t<div class=\"elementor-element elementor-element-c45df1c mb-4 elementor-widget elementor-widget-heading\" data-id=\"c45df1c\" data-element_type=\"widget\" data-widget_type=\"heading.default\">\n\t\t\t\t<div class=\"elementor-widget-container\">\n\t\t\t\t\t<h3 class=\"elementor-heading-title elementor-size-default\">Our Mission<\/h3>\t\t\t\t<\/div>\n\t\t\t\t<\/div>\n\t\t\t\t<section class=\"elementor-section elementor-inner-section elementor-element elementor-element-9820d26 elementor-section-full_width elementor-section-height-default elementor-section-height-default\" data-id=\"9820d26\" data-element_type=\"section\">\r\n\t\t\r\n\t\t\t\t\t\t\t<div class=\"elementor-container elementor-column-gap-default\">\r\n\t\t\t\t\t\t\t\t\t\t\t<div class=\"elementor-column elementor-col-50 elementor-inner-column elementor-element elementor-element-d0af251\" data-id=\"d0af251\" data-element_type=\"column\">\r\n\t\t\t\t\t<div class=\"elementor-widget-wrap elementor-element-populated\">\r\n\t\t\t\t\t\t\t\t<div class=\"elementor-element elementor-element-650a405 elementor-widget elementor-widget-text-editor\" data-id=\"650a405\" data-element_type=\"widget\" data-widget_type=\"text-editor.default\">\n\t\t\t\t<div class=\"elementor-widget-container\">\n\t\t\t\t\t\t\t\t\t<p><strong>Ahsapevleri.com<\/strong>Born in the early 2000s, our journey began with a dream inspired by the enchanting nature of the Black Sea and the foothills of the Ka\u00e7kar Mountains, eventually finding its way to \u0130zmir\/Bornova. When we came to \u0130zmir for university, the mental fatigue caused by the city\u2019s concrete structures led us to rediscover our love for the wooden homes of our childhood. This passion and longing gave birth to our vision. <strong>Ahsapevleri.com<\/strong>, hayallerimizi ger\u00e7e\u011fe d\u00f6n\u00fc\u015ft\u00fcren, ge\u00e7mi\u015ften gelece\u011fe uzanan bir projedir.<\/p>\t\t\t\t\t\t\t\t<\/div>\n\t\t\t\t<\/div>\n\t\t\t\t\t<\/div>\r\n\t\t\t\t<\/div>\r\n\t\t\t\t<div class=\"elementor-column elementor-col-50 elementor-inner-column elementor-element elementor-element-a718ee2\" data-id=\"a718ee2\" data-element_type=\"column\">\r\n\t\t\t\t\t<div class=\"elementor-widget-wrap elementor-element-populated\">\r\n\t\t\t\t\t\t\t\t<div class=\"elementor-element elementor-element-288dc7d elementor-widget elementor-widget-text-editor\" data-id=\"288dc7d\" data-element_type=\"widget\" data-widget_type=\"text-editor.default\">\n\t\t\t\t<div class=\"elementor-widget-container\">\n\t\t\t\t\t\t\t\t\t<p>By blending the culture of wood with modern architecture, we carry it 'From Tradition to the Future.' Our goal is to preserve our traditions while meeting the needs of the modern world by building nature-friendly, sustainable, and ecological living spaces.<\/p><p>We work to turn your dreams into reality with our homes, each designed and built entirely according to your personal preferences.<\/p>\t\t\t\t\t\t\t\t<\/div>\n\t\t\t\t<\/div>\n\t\t\t\t\t<\/div>\r\n\t\t\t\t<\/div>\r\n\t\t\t\t\t<\/div>\r\n\t\t\t\t<\/section>\r\n\t\t\t\t<div class=\"elementor-element elementor-element-636643d m-b-xl elementor-widget elementor-widget-heading\" data-id=\"636643d\" data-element_type=\"widget\" data-widget_type=\"heading.default\">\n\t\t\t\t<div class=\"elementor-widget-container\">\n\t\t\t\t\t<h2 class=\"elementor-heading-title elementor-size-default\">Neden ahsapevleri.com?<\/h2>\t\t\t\t<\/div>\n\t\t\t\t<\/div>\n\t\t\t\t<section class=\"elementor-section elementor-inner-section elementor-element elementor-element-0dd4748 elementor-section-full_width mb-4 pb-1 elementor-section-height-default elementor-section-height-default\" data-id=\"0dd4748\" data-element_type=\"section\">\r\n\t\t\r\n\t\t\t\t\t\t\t<div class=\"elementor-container elementor-column-gap-default\">\r\n\t\t\t\t\t\t\t\t\t\t\t<div class=\"elementor-column elementor-col-50 elementor-inner-column elementor-element elementor-element-9e5275e\" data-id=\"9e5275e\" data-element_type=\"column\">\r\n\t\t\t\t\t<div class=\"elementor-widget-wrap elementor-element-populated\">\r\n\t\t\t\t\t\t\t\t<div class=\"elementor-element elementor-element-e92fc4f elementor-pagination-position-outside elementor-widget elementor-widget-image-carousel\" data-id=\"e92fc4f\" data-element_type=\"widget\" data-settings=\"{&quot;slides_to_show&quot;:&quot;1&quot;,&quot;navigation&quot;:&quot;dots&quot;,&quot;autoplay&quot;:&quot;no&quot;,&quot;infinite&quot;:&quot;no&quot;,&quot;effect&quot;:&quot;slide&quot;,&quot;speed&quot;:500}\" data-widget_type=\"image-carousel.default\">\n\t\t\t\t<div class=\"elementor-widget-container\">\n\t\t\t\t\t\t\t<div class=\"elementor-image-carousel-wrapper swiper\" role=\"region\" aria-roledescription=\"carousel\" aria-label=\"Image Carousel\" dir=\"ltr\">\n\t\t\t<div class=\"elementor-image-carousel swiper-wrapper swiper-image-stretch\" aria-live=\"polite\">\n\t\t\t\t\t\t\t\t<div class=\"swiper-slide\" role=\"group\" aria-roledescription=\"slide\" aria-label=\"1 of 3\"><figure class=\"swiper-slide-inner\"><img decoding=\"async\" class=\"swiper-slide-image\" src=\"https:\/\/mavoreahsapevleri.com\/wp-content\/uploads\/2024\/11\/Untitled-design-6.png?v=1734761622\" alt=\"Hakk\u0131m\u0131zda Ah\u015fap Ev\" \/><\/figure><\/div><div class=\"swiper-slide\" role=\"group\" aria-roledescription=\"slide\" aria-label=\"2 of 3\"><figure class=\"swiper-slide-inner\"><img decoding=\"async\" class=\"swiper-slide-image\" src=\"https:\/\/mavoreahsapevleri.com\/wp-content\/uploads\/2024\/11\/Untitled-design-7.png?v=1734761619\" alt=\"Hakk\u0131m\u0131zda Ah\u015fap Ev\" \/><\/figure><\/div><div class=\"swiper-slide\" role=\"group\" aria-roledescription=\"slide\" aria-label=\"3 of 3\"><figure class=\"swiper-slide-inner\"><img decoding=\"async\" class=\"swiper-slide-image\" src=\"https:\/\/mavoreahsapevleri.com\/wp-content\/uploads\/2024\/11\/Untitled-design-8.png?v=1734761617\" alt=\"Hakk\u0131m\u0131zda Ah\u015fap Ev\" \/><\/figure><\/div>\t\t\t<\/div>\n\t\t\t\t\t\t\t\n\t\t\t\t\t\t\t\t\t<div class=\"swiper-pagination\"><\/div>\n\t\t\t\t\t\t\t\t\t<\/div>\n\t\t\t\t\t\t<\/div>\n\t\t\t\t<\/div>\n\t\t\t\t\t<\/div>\r\n\t\t\t\t<\/div>\r\n\t\t\t\t<div class=\"elementor-column elementor-col-50 elementor-inner-column elementor-element elementor-element-bab72f9\" data-id=\"bab72f9\" data-element_type=\"column\">\r\n\t\t\t\t\t<div class=\"elementor-widget-wrap elementor-element-populated\">\r\n\t\t\t\t\t\t\t\t<div class=\"elementor-element elementor-element-02e53ed elementor-widget elementor-widget-text-editor\" data-id=\"02e53ed\" data-element_type=\"widget\" data-widget_type=\"text-editor.default\">\n\t\t\t\t<div class=\"elementor-widget-container\">\n\t\t\t\t\t\t\t\t\t<ul><li><strong>20+ Y\u0131ll\u0131k Tecr\u00fcbe:<\/strong> \u0130n\u015faat sekt\u00f6r\u00fcndeki 20 y\u0131l\u0131 a\u015fk\u0131n deneyimimizle \u0130zmir ve \u00e7evresinde hizmet veriyoruz.<\/li><li><strong>Uzman Kadro:<\/strong> Deneyimli tasar\u0131mc\u0131lar, uzman mimarlar ve \u00f6nc\u00fc proje y\u00f6neticilerinden olu\u015fan profesyonel bir ekibe sahibiz.<\/li><li><strong>S\u00fcrd\u00fcr\u00fclebilirlik:<\/strong> T\u00fcm projelerimizde \u00e7evreye duyarl\u0131 malzemeler ve modern in\u015faat teknikleri kullan\u0131yoruz.<\/li><li><strong>Sertifikal\u0131 Ah\u015fap:<\/strong> T\u00fcm ah\u015faplar\u0131m\u0131z nem ge\u00e7irmez, dayan\u0131kl\u0131 ve sertifikal\u0131d\u0131r. \u0130ste\u011finiz \u00fczerine sertifikalar\u0131m\u0131z\u0131 sunmaktan mutluluk duyar\u0131z.<\/li><\/ul>\t\t\t\t\t\t\t\t<\/div>\n\t\t\t\t<\/div>\n\t\t\t\t\t<\/div>\r\n\t\t\t\t<\/div>\r\n\t\t\t\t\t<\/div>\r\n\t\t\t\t<\/section>\r\n\t\t\t\t<section class=\"elementor-section elementor-inner-section elementor-element elementor-element-df79801 elementor-section-full_width mb-4 pb-1 elementor-section-height-default elementor-section-height-default\" data-id=\"df79801\" data-element_type=\"section\">\r\n\t\t\r\n\t\t\t\t\t\t\t<div class=\"elementor-container elementor-column-gap-default\">\r\n\t\t\t\t\t\t\t\t\t\t\t<div class=\"elementor-column elementor-col-50 elementor-inner-column elementor-element elementor-element-48459f2 order-lg-1\" data-id=\"48459f2\" data-element_type=\"column\">\r\n\t\t\t\t\t<div class=\"elementor-widget-wrap elementor-element-populated\">\r\n\t\t\t\t\t\t\t\t<div class=\"elementor-element elementor-element-7e4d7dd elementor-pagination-position-outside elementor-widget elementor-widget-image-carousel\" data-id=\"7e4d7dd\" data-element_type=\"widget\" data-settings=\"{&quot;slides_to_show&quot;:&quot;1&quot;,&quot;navigation&quot;:&quot;dots&quot;,&quot;autoplay&quot;:&quot;no&quot;,&quot;infinite&quot;:&quot;no&quot;,&quot;effect&quot;:&quot;slide&quot;,&quot;speed&quot;:500}\" data-widget_type=\"image-carousel.default\">\n\t\t\t\t<div class=\"elementor-widget-container\">\n\t\t\t\t\t\t\t<div class=\"elementor-image-carousel-wrapper swiper\" role=\"region\" aria-roledescription=\"carousel\" aria-label=\"Image Carousel\" dir=\"ltr\">\n\t\t\t<div class=\"elementor-image-carousel swiper-wrapper swiper-image-stretch\" aria-live=\"polite\">\n\t\t\t\t\t\t\t\t<div class=\"swiper-slide\" role=\"group\" aria-roledescription=\"slide\" aria-label=\"1 of 3\"><figure class=\"swiper-slide-inner\"><img decoding=\"async\" class=\"swiper-slide-image\" src=\"https:\/\/mavoreahsapevleri.com\/wp-content\/uploads\/2024\/11\/Untitled-design-1-1.png?v=1734761629\" alt=\"Hakk\u0131m\u0131zda Ah\u015fap Ev\" \/><\/figure><\/div><div class=\"swiper-slide\" role=\"group\" aria-roledescription=\"slide\" aria-label=\"2 of 3\"><figure class=\"swiper-slide-inner\"><img decoding=\"async\" class=\"swiper-slide-image\" src=\"https:\/\/mavoreahsapevleri.com\/wp-content\/uploads\/2024\/11\/Untitled-design-2-1.png?v=1734761627\" alt=\"Hakk\u0131m\u0131zda Ah\u015fap Ev\" \/><\/figure><\/div><div class=\"swiper-slide\" role=\"group\" aria-roledescription=\"slide\" aria-label=\"3 of 3\"><figure class=\"swiper-slide-inner\"><img decoding=\"async\" class=\"swiper-slide-image\" src=\"https:\/\/mavoreahsapevleri.com\/wp-content\/uploads\/2024\/11\/Untitled-design-3.png?v=1734761624\" alt=\"Hakk\u0131m\u0131zda Ah\u015fap Ev\" \/><\/figure><\/div>\t\t\t<\/div>\n\t\t\t\t\t\t\t\n\t\t\t\t\t\t\t\t\t<div class=\"swiper-pagination\"><\/div>\n\t\t\t\t\t\t\t\t\t<\/div>\n\t\t\t\t\t\t<\/div>\n\t\t\t\t<\/div>\n\t\t\t\t\t<\/div>\r\n\t\t\t\t<\/div>\r\n\t\t\t\t<div class=\"elementor-column elementor-col-50 elementor-inner-column elementor-element elementor-element-70e5c88\" data-id=\"70e5c88\" data-element_type=\"column\">\r\n\t\t\t\t\t<div class=\"elementor-widget-wrap elementor-element-populated\">\r\n\t\t\t\t\t\t\t\t<div class=\"elementor-element elementor-element-60ded6d mb-4 elementor-widget elementor-widget-heading\" data-id=\"60ded6d\" data-element_type=\"widget\" data-widget_type=\"heading.default\">\n\t\t\t\t<div class=\"elementor-widget-container\">\n\t\t\t\t\t<h3 class=\"elementor-heading-title elementor-size-default\">Mavore Ah\u015fap Evleri<\/h3>\t\t\t\t<\/div>\n\t\t\t\t<\/div>\n\t\t\t\t<div class=\"elementor-element elementor-element-149e8c0 elementor-widget elementor-widget-text-editor\" data-id=\"149e8c0\" data-element_type=\"widget\" data-widget_type=\"text-editor.default\">\n\t\t\t\t<div class=\"elementor-widget-container\">\n\t\t\t\t\t\t\t\t\t<p>Bug\u00fcn <strong>Mavore Ah\u015fap Evleri<\/strong> olarak, T\u00fcrkiye\u2019nin \u00f6nde gelen ah\u015fap ev ve bah\u00e7e m\u00fc\u015ftemilat\u0131 sa\u011flay\u0131c\u0131lar\u0131ndan biri olma yolunda emin ad\u0131mlarla ilerliyoruz. \u0130zmir merkezli \u015firketimiz, Ege B\u00f6lgesi\u2019ndeki \u00e7evre illere de hizmet verecek kapasiteye ve tecr\u00fcbeye sahiptir.<\/p><p>Ah\u015fap k\u00fct\u00fck evlerimiz, sert iklimlere dayanacak \u015fekilde tasarlanm\u0131\u015ft\u0131r. Nem ge\u00e7irmez materyaller, ekstra pencere ekipmanlar\u0131, u\u00e7 kaplamalar\u0131 ve s\u0131zd\u0131rmazl\u0131k malzemeleri ile desteklenen bu yap\u0131lar, uzun \u00f6m\u00fcrl\u00fc bir ya\u015fam alan\u0131 sa\u011flar.<\/p>\t\t\t\t\t\t\t\t<\/div>\n\t\t\t\t<\/div>\n\t\t\t\t\t<\/div>\r\n\t\t\t\t<\/div>\r\n\t\t\t\t\t<\/div>\r\n\t\t\t\t<\/section>\r\n\t\t\t\t<section class=\"elementor-section elementor-inner-section elementor-element elementor-element-91b2f3c elementor-section-full_width elementor-section-height-default elementor-section-height-default\" data-id=\"91b2f3c\" data-element_type=\"section\">\r\n\t\t\r\n\t\t\t\t\t\t\t<div class=\"elementor-container elementor-column-gap-default\">\r\n\t\t\t\t\t\t\t\t\t\t\t<div class=\"elementor-column elementor-col-50 elementor-inner-column elementor-element elementor-element-a934b65\" data-id=\"a934b65\" data-element_type=\"column\">\r\n\t\t\t\t\t<div class=\"elementor-widget-wrap elementor-element-populated\">\r\n\t\t\t\t\t\t\t\t<div class=\"elementor-element elementor-element-ff3fa98 elementor-pagination-position-outside elementor-widget elementor-widget-image-carousel\" data-id=\"ff3fa98\" data-element_type=\"widget\" data-settings=\"{&quot;slides_to_show&quot;:&quot;1&quot;,&quot;navigation&quot;:&quot;dots&quot;,&quot;autoplay&quot;:&quot;no&quot;,&quot;infinite&quot;:&quot;no&quot;,&quot;effect&quot;:&quot;slide&quot;,&quot;speed&quot;:500}\" data-widget_type=\"image-carousel.default\">\n\t\t\t\t<div class=\"elementor-widget-container\">\n\t\t\t\t\t\t\t<div class=\"elementor-image-carousel-wrapper swiper\" role=\"region\" aria-roledescription=\"carousel\" aria-label=\"Image Carousel\" dir=\"ltr\">\n\t\t\t<div class=\"elementor-image-carousel swiper-wrapper swiper-image-stretch\" aria-live=\"polite\">\n\t\t\t\t\t\t\t\t<div class=\"swiper-slide\" role=\"group\" aria-roledescription=\"slide\" aria-label=\"1 of 3\"><figure class=\"swiper-slide-inner\"><img decoding=\"async\" class=\"swiper-slide-image\" src=\"https:\/\/mavoreahsapevleri.com\/wp-content\/uploads\/2024\/11\/Untitled-design-1.png?v=1734761635\" alt=\"Hakk\u0131m\u0131zda Ah\u015fap Ev\" \/><\/figure><\/div><div class=\"swiper-slide\" role=\"group\" aria-roledescription=\"slide\" aria-label=\"2 of 3\"><figure class=\"swiper-slide-inner\"><img decoding=\"async\" class=\"swiper-slide-image\" src=\"https:\/\/mavoreahsapevleri.com\/wp-content\/uploads\/2024\/11\/Untitled-design-2.png?v=1734761633\" alt=\"Hakk\u0131m\u0131zda Ah\u015fap Ev\" \/><\/figure><\/div><div class=\"swiper-slide\" role=\"group\" aria-roledescription=\"slide\" aria-label=\"3 of 3\"><figure class=\"swiper-slide-inner\"><img decoding=\"async\" class=\"swiper-slide-image\" src=\"https:\/\/mavoreahsapevleri.com\/wp-content\/uploads\/2024\/11\/Untitled-design.png?v=1734761631\" alt=\"Hakk\u0131m\u0131zda Ah\u015fap Ev\" \/><\/figure><\/div>\t\t\t<\/div>\n\t\t\t\t\t\t\t\n\t\t\t\t\t\t\t\t\t<div class=\"swiper-pagination\"><\/div>\n\t\t\t\t\t\t\t\t\t<\/div>\n\t\t\t\t\t\t<\/div>\n\t\t\t\t<\/div>\n\t\t\t\t\t<\/div>\r\n\t\t\t\t<\/div>\r\n\t\t\t\t<div class=\"elementor-column elementor-col-50 elementor-inner-column elementor-element elementor-element-b40f41c\" data-id=\"b40f41c\" data-element_type=\"column\">\r\n\t\t\t\t\t<div class=\"elementor-widget-wrap elementor-element-populated\">\r\n\t\t\t\t\t\t\t\t<div class=\"elementor-element elementor-element-c5d71f1 mb-4 elementor-widget elementor-widget-heading\" data-id=\"c5d71f1\" data-element_type=\"widget\" data-widget_type=\"heading.default\">\n\t\t\t\t<div class=\"elementor-widget-container\">\n\t\t\t\t\t<h3 class=\"elementor-heading-title elementor-size-default\">De\u011ferlerimiz<\/h3>\t\t\t\t<\/div>\n\t\t\t\t<\/div>\n\t\t\t\t<div class=\"elementor-element elementor-element-f712230 elementor-widget elementor-widget-text-editor\" data-id=\"f712230\" data-element_type=\"widget\" data-widget_type=\"text-editor.default\">\n\t\t\t\t<div class=\"elementor-widget-container\">\n\t\t\t\t\t\t\t\t\t<ul><li><strong>Kalite ve G\u00fcven:<\/strong> Her projede en y\u00fcksek standartlar\u0131 sa\u011fl\u0131yoruz.<\/li><li><strong>Ki\u015fiselle\u015ftirilmi\u015f \u00c7\u00f6z\u00fcmler:<\/strong> Tamamen size \u00f6zel tasarlanm\u0131\u015f ve in\u015fa edilmi\u015f projeler sunuyoruz.<\/li><li><strong>Uygun Fiyat Garantisi:<\/strong> Size tart\u0131\u015fmas\u0131z en uygun fiyatlar\u0131 sunmay\u0131 taahh\u00fct ediyoruz.<\/li><li><strong>S\u00fcrekli Geli\u015fim:<\/strong> Ekibimiz, sekt\u00f6rdeki en yeni teknikleri takip ederek CPD (S\u00fcrekli Mesleki Geli\u015fim) prensibiyle \u00e7al\u0131\u015f\u0131r.<br \/><br \/><h3><strong>Hayalleriniz Parmaklar\u0131n\u0131z\u0131n Ucunda<\/strong><\/h3><p>Do\u011fay\u0131 modern ya\u015famla bulu\u015fturan projelerimizle, size huzurlu ve s\u00fcrd\u00fcr\u00fclebilir bir ya\u015fam sunuyoruz.<\/p><p><strong>Ahsapevleri.com<\/strong> ailesi olarak, sizleri hayallerinizdeki ah\u015fap eve bir ad\u0131m daha yakla\u015ft\u0131rmak i\u00e7in buraday\u0131z.<\/p><\/li><\/ul>\t\t\t\t\t\t\t\t<\/div>\n\t\t\t\t<\/div>\n\t\t\t\t\t<\/div>\r\n\t\t\t\t<\/div>\r\n\t\t\t\t\t<\/div>\r\n\t\t\t\t<\/section>\r\n\t\t\t\t\t<\/div>\r\n\t\t\t\t<\/div>\r\n\t\t\t\t\t<\/div>\r\n\t\t\t\t<\/section>\r\n\t\t\t\t<\/div>","protected":false},"excerpt":{"rendered":"<p>Hakk\u0131m\u0131zda Misyonumuz Ahsapevleri.com, 2000\u2019li y\u0131llarda Karadeniz\u2019in b\u00fcy\u00fcleyici do\u011fas\u0131ndan, Ka\u00e7kar Da\u011flar\u0131\u2019n\u0131n eteklerinden ba\u015flayan bir hayalin \u0130zmir\/Bornova\u2019ya ta\u015f\u0131nmas\u0131yla do\u011fdu. \u00dcniversite e\u011fitimi i\u00e7in geldi\u011fimiz \u0130zmir\u2019de, \u015fehrin betonarme yap\u0131lar\u0131ndan kaynaklanan ruhsal yorgunluk, bizi \u00e7ocuklu\u011fumuzun ge\u00e7ti\u011fi ah\u015fap evlere olan sevgimizi yeniden ke\u015ffetmeye y\u00f6neltti. Bu sevgi ve \u00f6zlemle ortaya \u00e7\u0131kan Ahsapevleri.com, hayallerimizi ger\u00e7e\u011fe d\u00f6n\u00fc\u015ft\u00fcren, ge\u00e7mi\u015ften gelece\u011fe uzanan bir projedir. Ah\u015fap k\u00fclt\u00fcr\u00fcn\u00fc [&hellip;]<\/p>","protected":false},"author":1,"featured_media":0,"parent":0,"menu_order":0,"comment_status":"closed","ping_status":"closed","template":"","meta":{"_acf_changed":false,"footnotes":""},"class_list":["post-55","page","type-page","status-publish","hentry"],"acf":[],"aioseo_notices":[],"_links":{"self":[{"href":"https:\/\/mavoreahsapevleri.com\/en\/wp-json\/wp\/v2\/pages\/55","targetHints":{"allow":["GET"]}}],"collection":[{"href":"https:\/\/mavoreahsapevleri.com\/en\/wp-json\/wp\/v2\/pages"}],"about":[{"href":"https:\/\/mavoreahsapevleri.com\/en\/wp-json\/wp\/v2\/types\/page"}],"author":[{"embeddable":true,"href":"https:\/\/mavoreahsapevleri.com\/en\/wp-json\/wp\/v2\/users\/1"}],"replies":[{"embeddable":true,"href":"https:\/\/mavoreahsapevleri.com\/en\/wp-json\/wp\/v2\/comments?post=55"}],"version-history":[{"count":16,"href":"https:\/\/mavoreahsapevleri.com\/en\/wp-json\/wp\/v2\/pages\/55\/revisions"}],"predecessor-version":[{"id":2864,"href":"https:\/\/mavoreahsapevleri.com\/en\/wp-json\/wp\/v2\/pages\/55\/revisions\/2864"}],"wp:attachment":[{"href":"https:\/\/mavoreahsapevleri.com\/en\/wp-json\/wp\/v2\/media?parent=55"}],"curies":[{"name":"wp","href":"https:\/\/api.w.org\/{rel}","templated":true}]}}