{"id":2753,"date":"2024-11-20T19:55:35","date_gmt":"2024-11-20T19:55:35","guid":{"rendered":"https:\/\/mavoreahsapevleri.com\/?post_type=product&#038;p=2753"},"modified":"2026-01-16T19:52:41","modified_gmt":"2026-01-16T19:52:41","slug":"nar-cicegi-evi","status":"publish","type":"product","link":"https:\/\/mavoreahsapevleri.com\/en\/product\/nar-cicegi-evi\/","title":{"rendered":"Nar \u00c7i\u00e7e\u011fi Home"},"content":{"rendered":"<div class=\"container mt-4\" style=\"overflow-x: auto;\">\n<table class=\"table table-bordered table-responsive\">\n<tbody>\n<tr>\n<th class=\"bg-light\">NUMBER OF FLOORS<\/th>\n<td>2<\/td>\n<th class=\"bg-light\">NUMBER OF ROOMS<\/th>\n<td>2+1<\/td>\n<\/tr>\n<tr>\n<th class=\"bg-light\">INTERIOR LIVING AREA<\/th>\n<td>55 m\u00b2 + 40 m\u00b2<\/td>\n<th class=\"bg-light\">PATIO+BALCONY AREA<\/th>\n<td>13 m\u00b2 + 9m\u00b2<\/td>\n<\/tr>\n<tr>\n<th class=\"bg-light\">GARDEN AREA<\/th>\n<td>&#8211;<\/td>\n<th class=\"bg-light\">TOTAL BUILDING AREA<\/th>\n<td>117 m\u00b2<\/td>\n<\/tr>\n<tr>\n<th class=\"bg-light\">STATIC STRUCTURE<\/th>\n<td>Wooden Frame<\/td>\n<th class=\"bg-light\">BUILDING FOUNDATION<\/th>\n<td>Raft Foundation<\/td>\n<\/tr>\n<tr>\n<th class=\"bg-light\">WALL MATERIAL<\/th>\n<td>Solid Wood<\/td>\n<th class=\"bg-light\">WALL COVERING<\/th>\n<td>Wooden Print<\/td>\n<\/tr>\n<tr>\n<th class=\"bg-light\">WINDOWS<\/th>\n<td>PVC Joinery<\/td>\n<th class=\"bg-light\">DOORS<\/th>\n<td>Wooden<\/td>\n<\/tr>\n<tr>\n<th class=\"bg-light\">HEAT AND SOUND INSULATION<\/th>\n<td>Rock Wool \/ 60 DNS Sound Insulation<\/td>\n<th class=\"bg-light\">WATER AND MOISTURE INSULATION<\/th>\n<td>MasterSeal 525 (Cement and Acrylic Based, Two Component, UV Resistant, Flexible Waterproofing Material)<\/td>\n<\/tr>\n<\/tbody>\n<\/table>\n<div class=\"mt-3\" style=\"font-size: 14px; line-height: 1.6;\"><strong>INSTALLATION IS INCLUDED IN THE PRICES<\/strong><\/div>\n<div class=\"mt-3\" style=\"font-size: 14px; line-height: 1.6;\">The customer can make any changes he\/she wants on doors and windows, and the price difference resulting from the change will be reflected on the invoice as (+) or (-).<\/div>\n<div><\/div>\n<div class=\"mt-3\" style=\"font-size: 14px; line-height: 1.6;\">Foundation and flood foundation construction belongs to the customer and is not included in the price. However, if desired, it can be done by our company with separate invoices.<\/div>\n<div><\/div>\n<div class=\"mt-3\" style=\"font-size: 14px; line-height: 1.6;\">The bathroom, kitchen and other wet area elements shown in the images are not included in the price and are for visual purposes only.<br \/>\nIf requested by the customer, it will be invoiced separately. All kinds of furnishings, furniture and decoration materials seen in the pictures are not included in the price and are for visual purposes only.<br \/>\nLikewise, pool and jacuzzi are not included in the price. Our buildings comply with earthquake laws and regulations.<\/div>\n<\/div>","protected":false},"excerpt":{"rendered":"<p>KAT SAYISI 2 ODA SAYISI 2+1 \u0130\u00c7 YA\u015eAM ALANI 55 m\u00b2 + 40 m\u00b2 VERANDA+BALKON ALANI 13 m\u00b2 + 9m\u00b2 BAH\u00c7E ALANI &#8211; TOPLAM YAPI ALANI 117 m\u00b2 STAT\u0130K YAPI Ah\u015fap Karkas YAPI TEMEL\u0130 Radye Temel DUVAR MALZEMES\u0130 Masif Ah\u015fap DUVAR KAPLAMASI Ah\u015fap Yal\u0131 Bask\u0131 PENCERELER PVC Do\u011frama KAPILAR Ah\u015fap ISI VE SES \u0130ZOLASYONU Ta\u015f [&hellip;]<\/p>","protected":false},"featured_media":2759,"comment_status":"open","ping_status":"closed","template":"","meta":{"_acf_changed":false},"product_cat":[108],"product_tag":[],"class_list":{"0":"post-2753","1":"product","2":"type-product","3":"status-publish","4":"has-post-thumbnail","6":"product_cat-ahsap-evler","8":"first","9":"instock","10":"featured","11":"shipping-taxable","12":"purchasable","13":"product-type-simple"},"acf":[],"aioseo_notices":[],"_links":{"self":[{"href":"https:\/\/mavoreahsapevleri.com\/en\/wp-json\/wp\/v2\/product\/2753","targetHints":{"allow":["GET"]}}],"collection":[{"href":"https:\/\/mavoreahsapevleri.com\/en\/wp-json\/wp\/v2\/product"}],"about":[{"href":"https:\/\/mavoreahsapevleri.com\/en\/wp-json\/wp\/v2\/types\/product"}],"replies":[{"embeddable":true,"href":"https:\/\/mavoreahsapevleri.com\/en\/wp-json\/wp\/v2\/comments?post=2753"}],"wp:featuredmedia":[{"embeddable":true,"href":"https:\/\/mavoreahsapevleri.com\/en\/wp-json\/wp\/v2\/media\/2759"}],"wp:attachment":[{"href":"https:\/\/mavoreahsapevleri.com\/en\/wp-json\/wp\/v2\/media?parent=2753"}],"wp:term":[{"taxonomy":"product_cat","embeddable":true,"href":"https:\/\/mavoreahsapevleri.com\/en\/wp-json\/wp\/v2\/product_cat?post=2753"},{"taxonomy":"product_tag","embeddable":true,"href":"https:\/\/mavoreahsapevleri.com\/en\/wp-json\/wp\/v2\/product_tag?post=2753"}],"curies":[{"name":"wp","href":"https:\/\/api.w.org\/{rel}","templated":true}]}}