{"id":4075,"date":"2024-12-30T13:35:44","date_gmt":"2024-12-30T13:35:44","guid":{"rendered":"https:\/\/mavoreahsapevleri.com\/?post_type=product&#038;p=4075"},"modified":"2026-01-16T19:40:49","modified_gmt":"2026-01-16T19:40:49","slug":"bahce-citi","status":"publish","type":"product","link":"https:\/\/mavoreahsapevleri.com\/en\/product\/bahce-citi\/","title":{"rendered":"Bah\u00e7e \u00c7iti"},"content":{"rendered":"<div class=\"container mt-4\" style=\"overflow-x: auto;\">\n<table class=\"table table-bordered table-responsive\" style=\"height: 56px;\" width=\"435\">\n<tbody>\n<tr>\n<th class=\"bg-light\">A\u011eA\u00c7 C\u0130NS\u0130<\/th>\n<td>K\u00f6k Nar<\/td>\n<\/tr>\n<\/tbody>\n<\/table>\n<div class=\"mt-3\" style=\"font-size: 14px; line-height: 1.6;\"><\/div>\n<\/div>","protected":false},"excerpt":{"rendered":"<p>A\u011eA\u00c7 C\u0130NS\u0130 K\u00f6k Nar<\/p>","protected":false},"featured_media":4077,"comment_status":"open","ping_status":"closed","template":"","meta":{"_acf_changed":false},"product_cat":[110],"product_tag":[],"class_list":{"0":"post-4075","1":"product","2":"type-product","3":"status-publish","4":"has-post-thumbnail","6":"product_cat-ahsap-urunler","8":"first","9":"instock","10":"shipping-taxable","11":"purchasable","12":"product-type-simple"},"acf":[],"aioseo_notices":[],"_links":{"self":[{"href":"https:\/\/mavoreahsapevleri.com\/en\/wp-json\/wp\/v2\/product\/4075","targetHints":{"allow":["GET"]}}],"collection":[{"href":"https:\/\/mavoreahsapevleri.com\/en\/wp-json\/wp\/v2\/product"}],"about":[{"href":"https:\/\/mavoreahsapevleri.com\/en\/wp-json\/wp\/v2\/types\/product"}],"replies":[{"embeddable":true,"href":"https:\/\/mavoreahsapevleri.com\/en\/wp-json\/wp\/v2\/comments?post=4075"}],"wp:featuredmedia":[{"embeddable":true,"href":"https:\/\/mavoreahsapevleri.com\/en\/wp-json\/wp\/v2\/media\/4077"}],"wp:attachment":[{"href":"https:\/\/mavoreahsapevleri.com\/en\/wp-json\/wp\/v2\/media?parent=4075"}],"wp:term":[{"taxonomy":"product_cat","embeddable":true,"href":"https:\/\/mavoreahsapevleri.com\/en\/wp-json\/wp\/v2\/product_cat?post=4075"},{"taxonomy":"product_tag","embeddable":true,"href":"https:\/\/mavoreahsapevleri.com\/en\/wp-json\/wp\/v2\/product_tag?post=4075"}],"curies":[{"name":"wp","href":"https:\/\/api.w.org\/{rel}","templated":true}]}}