{"id":4078,"date":"2024-12-30T13:40:14","date_gmt":"2024-12-30T13:40:14","guid":{"rendered":"https:\/\/mavoreahsapevleri.com\/?post_type=product&#038;p=4078"},"modified":"2026-01-16T19:40:43","modified_gmt":"2026-01-16T19:40:43","slug":"hazeranli-separator","status":"publish","type":"product","link":"https:\/\/mavoreahsapevleri.com\/en\/product\/hazeranli-separator\/","title":{"rendered":"Hazeranl\u0131 Separat\u00f6r"},"content":{"rendered":"<div class=\"container mt-4\" style=\"overflow-x: auto;\">\n<table class=\"table table-bordered table-responsive\" style=\"height: 44px;\" width=\"283\">\n<tbody>\n<tr>\n<th class=\"bg-light\">A\u011eA\u00c7 C\u0130NS\u0130<\/th>\n<td>Beyaz \u00c7am<\/td>\n<\/tr>\n<\/tbody>\n<\/table>\n<div><\/div>\n<div class=\"mt-3\" style=\"font-size: 14px; line-height: 1.6;\"><strong>Fiyat m\u00b2 ba\u015f\u0131nad\u0131r.<\/strong><\/div>\n<\/div>","protected":false},"excerpt":{"rendered":"<p>A\u011eA\u00c7 C\u0130NS\u0130 Beyaz \u00c7am Fiyat m\u00b2 ba\u015f\u0131nad\u0131r.<\/p>","protected":false},"featured_media":4079,"comment_status":"open","ping_status":"closed","template":"","meta":{"_acf_changed":false},"product_cat":[110],"product_tag":[],"class_list":{"0":"post-4078","1":"product","2":"type-product","3":"status-publish","4":"has-post-thumbnail","6":"product_cat-ahsap-urunler","8":"first","9":"instock","10":"shipping-taxable","11":"purchasable","12":"product-type-simple"},"acf":[],"aioseo_notices":[],"_links":{"self":[{"href":"https:\/\/mavoreahsapevleri.com\/en\/wp-json\/wp\/v2\/product\/4078","targetHints":{"allow":["GET"]}}],"collection":[{"href":"https:\/\/mavoreahsapevleri.com\/en\/wp-json\/wp\/v2\/product"}],"about":[{"href":"https:\/\/mavoreahsapevleri.com\/en\/wp-json\/wp\/v2\/types\/product"}],"replies":[{"embeddable":true,"href":"https:\/\/mavoreahsapevleri.com\/en\/wp-json\/wp\/v2\/comments?post=4078"}],"wp:featuredmedia":[{"embeddable":true,"href":"https:\/\/mavoreahsapevleri.com\/en\/wp-json\/wp\/v2\/media\/4079"}],"wp:attachment":[{"href":"https:\/\/mavoreahsapevleri.com\/en\/wp-json\/wp\/v2\/media?parent=4078"}],"wp:term":[{"taxonomy":"product_cat","embeddable":true,"href":"https:\/\/mavoreahsapevleri.com\/en\/wp-json\/wp\/v2\/product_cat?post=4078"},{"taxonomy":"product_tag","embeddable":true,"href":"https:\/\/mavoreahsapevleri.com\/en\/wp-json\/wp\/v2\/product_tag?post=4078"}],"curies":[{"name":"wp","href":"https:\/\/api.w.org\/{rel}","templated":true}]}}