{"id":4092,"date":"2024-12-31T06:25:08","date_gmt":"2024-12-31T06:25:08","guid":{"rendered":"https:\/\/mavoreahsapevleri.com\/?post_type=product&#038;p=4092"},"modified":"2026-01-16T19:38:47","modified_gmt":"2026-01-16T19:38:47","slug":"ahsap-panjur","status":"publish","type":"product","link":"https:\/\/mavoreahsapevleri.com\/en\/product\/ahsap-panjur\/","title":{"rendered":"Ah\u015fap Panjur"},"content":{"rendered":"<div class=\"container mt-4\" style=\"overflow-x: auto;\">\n<table class=\"table table-bordered table-responsive\">\n<tbody>\n<tr>\n<th class=\"bg-light\">A\u011eA\u00c7 C\u0130NS\u0130<\/th>\n<td>\u00a0 \u00a0 \u00a0 <span style=\"font-weight: 400;\">Ankara Kava\u011f\u0131\u00a0 \u00a0<\/span><\/td>\n<th class=\"bg-light\">BOYUT<\/th>\n<td>\u00a0 \u00a0 <span style=\"font-weight: 400;\">m\u00b2<\/span><span style=\"font-weight: 400;\">\u00a0birim fiyat\u0131d\u0131r<\/span><span style=\"font-weight: 400;\">\u00a0 \u00a0\u00a0<\/span><\/td>\n<\/tr>\n<\/tbody>\n<\/table>\n<div class=\"mt-3\" style=\"font-size: 14px; line-height: 1.6;\"><\/div>\n<\/div>","protected":false},"excerpt":{"rendered":"<p>A\u011eA\u00c7 C\u0130NS\u0130 \u00a0 \u00a0 \u00a0 Ankara Kava\u011f\u0131\u00a0 \u00a0 BOYUT \u00a0 \u00a0 m\u00b2\u00a0birim fiyat\u0131d\u0131r\u00a0 \u00a0\u00a0<\/p>","protected":false},"featured_media":4093,"comment_status":"open","ping_status":"closed","template":"","meta":{"_acf_changed":false},"product_cat":[110],"product_tag":[],"class_list":{"0":"post-4092","1":"product","2":"type-product","3":"status-publish","4":"has-post-thumbnail","6":"product_cat-ahsap-urunler","8":"first","9":"instock","10":"shipping-taxable","11":"purchasable","12":"product-type-simple"},"acf":[],"aioseo_notices":[],"_links":{"self":[{"href":"https:\/\/mavoreahsapevleri.com\/en\/wp-json\/wp\/v2\/product\/4092","targetHints":{"allow":["GET"]}}],"collection":[{"href":"https:\/\/mavoreahsapevleri.com\/en\/wp-json\/wp\/v2\/product"}],"about":[{"href":"https:\/\/mavoreahsapevleri.com\/en\/wp-json\/wp\/v2\/types\/product"}],"replies":[{"embeddable":true,"href":"https:\/\/mavoreahsapevleri.com\/en\/wp-json\/wp\/v2\/comments?post=4092"}],"wp:featuredmedia":[{"embeddable":true,"href":"https:\/\/mavoreahsapevleri.com\/en\/wp-json\/wp\/v2\/media\/4093"}],"wp:attachment":[{"href":"https:\/\/mavoreahsapevleri.com\/en\/wp-json\/wp\/v2\/media?parent=4092"}],"wp:term":[{"taxonomy":"product_cat","embeddable":true,"href":"https:\/\/mavoreahsapevleri.com\/en\/wp-json\/wp\/v2\/product_cat?post=4092"},{"taxonomy":"product_tag","embeddable":true,"href":"https:\/\/mavoreahsapevleri.com\/en\/wp-json\/wp\/v2\/product_tag?post=4092"}],"curies":[{"name":"wp","href":"https:\/\/api.w.org\/{rel}","templated":true}]}}