{"id":4096,"date":"2024-12-31T06:32:08","date_gmt":"2024-12-31T06:32:08","guid":{"rendered":"https:\/\/mavoreahsapevleri.com\/?post_type=product&#038;p=4096"},"modified":"2026-01-16T19:38:34","modified_gmt":"2026-01-16T19:38:34","slug":"salincak","status":"publish","type":"product","link":"https:\/\/mavoreahsapevleri.com\/en\/product\/salincak\/","title":{"rendered":"Sal\u0131ncak"},"content":{"rendered":"<div class=\"container mt-4\" style=\"overflow-x: auto;\">\n<table class=\"table table-bordered table-responsive\">\n<tbody>\n<tr>\n<th class=\"bg-light\">A\u011eA\u00c7 C\u0130NS\u0130<\/th>\n<td>\u00a0 \u00a0 \u00a0 <span style=\"font-weight: 400;\">\u00c7am\u00a0 \u00a0<\/span><\/td>\n<th class=\"bg-light\">BOYUT<\/th>\n<td>\u00a0 \u00a0 <span style=\"font-weight: 400;\">50cm, 25cm\u00a0 <\/span><span style=\"font-weight: 400;\">\u00a0 \u00a0<\/span><\/td>\n<\/tr>\n<\/tbody>\n<\/table>\n<div><\/div>\n<div class=\"mt-3\" style=\"font-size: 14px; line-height: 1.6;\"><strong>\u0130p fiyata dahildir.<\/strong><\/div>\n<\/div>","protected":false},"excerpt":{"rendered":"<p>A\u011eA\u00c7 C\u0130NS\u0130 \u00a0 \u00a0 \u00a0 \u00c7am\u00a0 \u00a0 BOYUT \u00a0 \u00a0 50cm, 25cm\u00a0 \u00a0 \u00a0 \u0130p fiyata dahildir.<\/p>","protected":false},"featured_media":4097,"comment_status":"open","ping_status":"closed","template":"","meta":{"_acf_changed":false},"product_cat":[110],"product_tag":[],"class_list":{"0":"post-4096","1":"product","2":"type-product","3":"status-publish","4":"has-post-thumbnail","6":"product_cat-ahsap-urunler","8":"first","9":"instock","10":"shipping-taxable","11":"purchasable","12":"product-type-simple"},"acf":[],"aioseo_notices":[],"_links":{"self":[{"href":"https:\/\/mavoreahsapevleri.com\/en\/wp-json\/wp\/v2\/product\/4096","targetHints":{"allow":["GET"]}}],"collection":[{"href":"https:\/\/mavoreahsapevleri.com\/en\/wp-json\/wp\/v2\/product"}],"about":[{"href":"https:\/\/mavoreahsapevleri.com\/en\/wp-json\/wp\/v2\/types\/product"}],"replies":[{"embeddable":true,"href":"https:\/\/mavoreahsapevleri.com\/en\/wp-json\/wp\/v2\/comments?post=4096"}],"wp:featuredmedia":[{"embeddable":true,"href":"https:\/\/mavoreahsapevleri.com\/en\/wp-json\/wp\/v2\/media\/4097"}],"wp:attachment":[{"href":"https:\/\/mavoreahsapevleri.com\/en\/wp-json\/wp\/v2\/media?parent=4096"}],"wp:term":[{"taxonomy":"product_cat","embeddable":true,"href":"https:\/\/mavoreahsapevleri.com\/en\/wp-json\/wp\/v2\/product_cat?post=4096"},{"taxonomy":"product_tag","embeddable":true,"href":"https:\/\/mavoreahsapevleri.com\/en\/wp-json\/wp\/v2\/product_tag?post=4096"}],"curies":[{"name":"wp","href":"https:\/\/api.w.org\/{rel}","templated":true}]}}